{"id":1680,"date":"2025-03-24T10:44:52","date_gmt":"2025-03-24T09:44:52","guid":{"rendered":"https:\/\/www.wanderfuehrer.it\/?page_id=1680"},"modified":"2025-03-27T16:22:40","modified_gmt":"2025-03-27T15:22:40","slug":"formazione","status":"publish","type":"page","link":"https:\/\/www.wanderfuehrer.it\/it\/formazione\/","title":{"rendered":"Formazione"},"content":{"rendered":"\n<h1 class=\"wp-block-heading\">Formazione<\/h1>\n\n\n\n<p>Il 14 giugno 2016 La Giunta della Provincia di Bolzano \u2013 Alto Adige ha approvato con Delibera Nr. 629 i \u201eCriteri per l\u2019esercizio dell\u2019attivit\u00e0 di accompagnamento di media montagna e per i corsi di preparazione e gli esami di accompagnatore\/accompagnatrice di media montagna\u201d (<a href=\"http:\/\/lexbrowser.provinz.bz.it\/doc\/de\/205220%C2%A710\/beschluss_vom_14_juni_2016_nr_629\/anlage.aspx\" target=\"_blank\" rel=\"noreferrer noopener\">Norme di attuazione<\/a>).<\/p>\n\n\n\n<p>In conseguenza \u00e8 istituito presso il Collegio provinciale delle Guide alpine un elenco speciale degli Accompagnatori di media montagna dell\u2019Alto Adige, al quale le guide escursionistiche possono iscriversi, qualora adempiano i requisiti di accesso descritti nelle Norme di attuazione.<\/p>\n\n\n\n<p>Fondamentalmente, per l\u2019iscrizione nell\u2019elenco speciale, \u00e8 richiesto il compimento obbligatorio di una formazione adeguata per entit\u00e0 e qualit\u00e0 come <strong>Accompagnatore\/Accompagnatrice di media montagna\/Guida escursionistica<\/strong>.<\/p>\n\n\n\n<p>La formazione per l\u2019iscrizione nel elenco speciale avviene secondo la legge.<\/p>\n\n\n\n<p>Lavoriamo insieme alle istituzioni educative Lichtenburg e Kloster Neustift.<\/p>\n","protected":false},"excerpt":{"rendered":"<p>Formazione Il 14 giugno 2016 La Giunta della Provincia di Bolzano \u2013 Alto Adige ha approvato con Delibera Nr. 629 i \u201eCriteri per l\u2019esercizio dell\u2019attivit\u00e0 di accompagnamento di media montagna e per i corsi di preparazione e gli esami di accompagnatore\/accompagnatrice di media montagna\u201d (Norme di attuazione). In conseguenza \u00e8 istituito presso il Collegio provinciale [&hellip;]<\/p>\n","protected":false},"author":1,"featured_media":0,"parent":0,"menu_order":0,"comment_status":"closed","ping_status":"closed","template":"","meta":{"_acf_changed":false,"footnotes":""},"class_list":["post-1680","page","type-page","status-publish","hentry"],"acf":[],"_links":{"self":[{"href":"https:\/\/www.wanderfuehrer.it\/it\/wp-json\/wp\/v2\/pages\/1680","targetHints":{"allow":["GET"]}}],"collection":[{"href":"https:\/\/www.wanderfuehrer.it\/it\/wp-json\/wp\/v2\/pages"}],"about":[{"href":"https:\/\/www.wanderfuehrer.it\/it\/wp-json\/wp\/v2\/types\/page"}],"author":[{"embeddable":true,"href":"https:\/\/www.wanderfuehrer.it\/it\/wp-json\/wp\/v2\/users\/1"}],"replies":[{"embeddable":true,"href":"https:\/\/www.wanderfuehrer.it\/it\/wp-json\/wp\/v2\/comments?post=1680"}],"version-history":[{"count":1,"href":"https:\/\/www.wanderfuehrer.it\/it\/wp-json\/wp\/v2\/pages\/1680\/revisions"}],"predecessor-version":[{"id":1681,"href":"https:\/\/www.wanderfuehrer.it\/it\/wp-json\/wp\/v2\/pages\/1680\/revisions\/1681"}],"wp:attachment":[{"href":"https:\/\/www.wanderfuehrer.it\/it\/wp-json\/wp\/v2\/media?parent=1680"}],"curies":[{"name":"wp","href":"https:\/\/api.w.org\/{rel}","templated":true}]}}