{"id":1700,"date":"2025-03-25T19:02:37","date_gmt":"2025-03-25T18:02:37","guid":{"rendered":"https:\/\/www.wanderfuehrer.it\/?page_id=1700"},"modified":"2025-03-27T16:39:00","modified_gmt":"2025-03-27T15:39:00","slug":"tourist-associations","status":"publish","type":"page","link":"https:\/\/www.wanderfuehrer.it\/en\/tourist-associations\/","title":{"rendered":"Tourist associations"},"content":{"rendered":"\n<h1 class=\"wp-block-heading\">Tourist associations<\/h1>\n\n\n\n<p><strong>Tourist associations, city, phone, website, email<\/strong><\/p>\n\n\n\n<p>Abtei, Str. Colz 75, 39030 La Villa, +39 0471 847037, www.altabadia.org, lavilla@altabadia.org<\/p>\n\n\n\n<p>Ahrntal, Ahrnerstr. 22, 39030 Luttach\/Ahrntal, +39 0474 671136, www.ahrntal.it, info@ahrntal.it<\/p>\n\n\n\n<p>Aldein\/Radein, Dorfzentrum 34, 39040 Aldein, +39 0471 886800, www.aldein-radein.it, info@aldein-radein.it<\/p>\n\n\n\n<p>Algund, Hans-Gamper-Platz 3, 39022 Algund, +39 0473 448600, www.algund.com, info@algund.com<\/p>\n\n\n\n<p>Andrian, Wehrburgstr. 1\/A, 39010 Andrian, +39 0471 510100, www.andrian.info, info@andrian.info<\/p>\n\n\n\n<p>Antholzertal, Niederrasnerstr. 35\/F, 39030 Rasen \u2013 Antholz, +39 0474 496269, www.antholzertal.com, info@antholzertal.com<\/p>\n\n\n\n<p>Auer\/Montan\/Neumarkt\/Salurn, Hauptplatz 5, 39040 Auer, +39 0471 810231, www.castelfeder.info, info@castelfeder.info<\/p>\n\n\n\n<p>Bozen, S\u00fcdtiroler Stra\u00dfe 60, 39100 Bozen, +39 0471 307000, www.bolzano-bozen.it, info@bolzano-bozen.it<\/p>\n\n\n\n<p>Brixen Tourismus Genossenschaft, Regensburger Allee 9, 39042 Brixen, +39 0472 836401, www.brixen.org, info@brixen.org<\/p>\n\n\n\n<p>Bruneck Kronplatz Tourismus, Rathausplatz 7, 39031 Bruneck, +39 0474 555722, www.bruneck.com, info@bruneck.com<\/p>\n\n\n\n<p>Corvara \u2013 Kolfuschg, Col Alt Str. 36, 39033 Corvara, +39 0471 836176, www.altabadia.org, corvara@altabadia.org<\/p>\n\n\n\n<p>Deutschnonsberg, Dorf Nr. 2, 39040 Laurein, +39 0463 530088, www.ultental-deutschnonsberg.info, info@deutschnonsberg.it<\/p>\n\n\n\n<p>Dorf Tirol, Hauptstr. 31, 39019 Dorf Tirol, +39 0473 923314, www.dorf-tirol.it, info@dorf-tirol.it<\/p>\n\n\n\n<p>Eggental, Dorf 9 A, 39050 Deutschnofen, +39 0471 619500, www.eggental.com, info@eggental.com<\/p>\n\n\n\n<p>Eppan, Rathausplatz 1, 39057 Eppan, +39 0471 662206, www.eppan.com, info@eppan.com<\/p>\n\n\n\n<p>Ferienregion Reschenpass, Hauptstr. 61, 39027 Graun, +39 0473 633101, www.reschenpass.it, info@reschenpass.it<\/p>\n\n\n\n<p>Gitschberg Jochtal, Katharina-Lanz-Str. 90, 39037 M\u00fchlbach, +39 0472 886048, www.gitschberg-jochtal.com, info@gitschberg-jochtal.com<\/p>\n\n\n\n<p>Gossensa\u00df, Ibsenplatz 2, 39040 Gossensa\u00df, +39 0472 632372, www.gossensass.org, info@gossensass.org<\/p>\n\n\n\n<p>Gsieser Tal-Welsberg-Taisten, St. Martin 10A, 39030 Gsies, +39 0474 978436, www.gsieser-tal.com, info@gsieser-tal.com<\/p>\n\n\n\n<p>Hafling V\u00f6ran Meran 2000, St. Kathreinstr. 2 b, 39010 Hafling, +39 0473 279457, www.hafling.com, info@hafling.com<\/p>\n\n\n\n<p>Innichen, Pflegeplatz 1, 39038 Innichen, +39 0474 913149, www.innichen.it, info@innichen.it<\/p>\n\n\n\n<p>Jenesien, Schrann 7, 39050 Jenesien, +39 0471 354196, www.jenesien.net, info@jenesien.net<\/p>\n\n\n\n<p>Kaltern am See, Marktplatz 8, 39052 Kaltern, +39 0471 963169, www.kaltern.com, info@kaltern.com<\/p>\n\n\n\n<p>Kastelbell, Staatsstr. 5, 39020 Kastelbell, +39 0473 624193, www.kastelbell-tschars.com, info@kastelbell-tschars.com<\/p>\n\n\n\n<p>Kastelruth, Krausplatz 1, 39040 Kastelruth, +39 0471 706333, www.kastelruth.com, info@kastelruth.com<\/p>\n\n\n\n<p>Kiens, Kiener Dorfweg 4\/b, 39030 Kiens, +39 0474 565245, www.kiens.info, info@kiens.bz<\/p>\n\n\n\n<p>Klausen, Barbian, Feldthurns, Villanders, Marktplatz 1, 39043 Klausen, +39 0472 847424, www.klausen.it, info@klausen.it<\/p>\n\n\n\n<p>La Val, San Senese 1, 39030 Wengen, +39 0471 843072, www.altabadia.org, laval@altabadia.org<\/p>\n\n\n\n<p>Lajen, Walther-von-der-Vogelweide-Str. 30B, 39040 Lajen, +39 0471 655633, www.lajen.info, info@lajen.info<\/p>\n\n\n\n<p>Lana und Umgebung, Andreas-Hofer-Str. 9\/1, 39011 Lana, +39 0473 561770, www.lana.info, info@lana.info<\/p>\n\n\n\n<p>Latsch \u2013 Martell, Hauptstr. 38\/A, 39021 Latsch, +39 0473 623109, www.latsch-martell.it, info@latsch.it<\/p>\n\n\n\n<p>Leifers Branzoll Pfatten, Kennedystr. 88, 39055 Leifers, +39 0471 950420, www.leifers-info.it, tourist@leifers-info.it<\/p>\n\n\n\n<p>L\u00fcsen, Dorfgasse 19, 39040 L\u00fcsen, +39 0472 413750, www.luesen.info, info@luesen.com<\/p>\n\n\n\n<p>Mals, Schluderns, Taufers im M\u00fcnstertal und der Stadt Glurns, St. Benediktstra\u00dfe 1, 39024 Mals, +39 0473 831190, www.ferienregion-<\/p>\n\n\n\n<p>Obervinschgau.it, info@ferienregion-obervinschgau.it<\/p>\n\n\n\n<p>Marling, Kirchplatz 5, 39020 Marling, +39 0473 447147, www.marling.info, mail@marling.info<\/p>\n\n\n\n<p>Meran, Freiheitsstr. 45, 39012 Meran, +39 0473 272000, www.meran.eu, info@meran.eu<\/p>\n\n\n\n<p>M\u00f6lten, M\u00f6ltnerstra\u00dfe Nr. 1, 39010 M\u00f6lten, +39 0471 668282, www.moelten.net, info@moelten.net<\/p>\n\n\n\n<p>Nals, Rathausplatz 1\/A, 39010 Nals, +39 0471 678619, www.nals.info, info@nals.info<\/p>\n\n\n\n<p>Naturns, Rathausplatz 1, 39025 Naturns, +39 0473 666077, www.naturns.it, info@naturns.it<\/p>\n\n\n\n<p>Natz \u2013 Schabs, Oberbrunnergasse 1 \u2013 Haus Hansengut, 39040 Natz, +39 0472 415020, www.natz-schabs.info, info@natz-schabs.info<\/p>\n\n\n\n<p>Niederdorf, Bahnhofstr. 3, 39039 Niederdorf, +39 0474 745136, www.niederdorf.it, info@niederdorf.it<\/p>\n\n\n\n<p>Olang, Florianiplatz 19, 39030 Olang, +39 0474 496277, www.olang.com, info@olang.com<\/p>\n\n\n\n<p>Ortlergebiet, Hauptstr. 72, 39029 Sulden, +39 0473 613015, www.ortlergebiet.it, info@ortlergebiet.it<\/p>\n\n\n\n<p>Partschins, Spaureggstr. 10, 39020 Partschins, +39 0473 967157, www.partschins.com, info@partschins.com<\/p>\n\n\n\n<p>Passeiertal, Passeirerstr. 40, 39015 St. Leonhard im Passeier, +39 0473 656188, www.passeiertal.it, info@passeiertal.it<\/p>\n\n\n\n<p>Prad am Stilfserjoch, Kreuzweg 4 C, 39026 Prad am Stilfserjoch, +39 0473 616034, www.prad.info, office@prad.info<\/p>\n\n\n\n<p>Pragser Tal, Au\u00dferprags 78, 39030 Prags, +39 0474 748660, www.pragsertal.info, info@pragsertal.info<\/p>\n\n\n\n<p>Ratschings Tourismus Genossenschaft, Jaufenstrasse 1, 39040 Ratschings Gasteig, +39 0472 760608, www.ratschings.info, info@ratschings.info<\/p>\n\n\n\n<p>Ritten, Dorfstr. 5, 39054 Klobenstein \/ Ritten, +39 0471 356100, www.ritten.com, info@ritten.com<\/p>\n\n\n\n<p>Rodeneck, Vill 3\/a, 39037 Rodeneck, +39 0472 454044, www.rodeneck.info, info@rodeneck.com<\/p>\n\n\n\n<p>Sand in Taufers, Josef-Jungmann-Str. 8, 39032 Sand in Taufers, +39 0474 678076, www.taufers.com, info@taufers.com<\/p>\n\n\n\n<p>Sarntal, Kirchplatz 9, 39058 Sarnthein, +39 0471 623091, www.sarntal.com, info@sarntal.com<\/p>\n\n\n\n<p>Schenna, Erzh. Johann Platz 1\/D, 39017 Schenna, +39 0473 945669, www.schenna.com, info@schenna.com<\/p>\n\n\n\n<p>Schlanders \u2013 Laas, Kapuzinerstr. 10, 39028 Schlanders, +39 0473 730155, www.schlanders-laas.it, info@schlanders-laas.it<\/p>\n\n\n\n<p>Schnals, Karthaus 42, 39020 Schnals, +39 0473 679148, www.schnalstal.it, info@schnalstal.it<\/p>\n\n\n\n<p>Seis, Schlernstr. 16, 39040 Seis am Schlern, +39 0471 707024, www.seis.it, info@seis.it<\/p>\n\n\n\n<p>Seiser Alm, Compatsch 50, 39040 Seiser Alm, +39 0471 727904, www.seiseralm.net, info@seiseralm.net<\/p>\n\n\n\n<p>Sexten, Dolomitenstr. 45, 39030 Sexten, +39 0474 710310, www.sexten.it, info@sexten.it<\/p>\n\n\n\n<p>St. Christina, Chemunstr. 9, 39047 St. Christina, +39 0471 777800, www.valgardena.it, s.cristina@valgardena.it<\/p>\n\n\n\n<p>St. Ulrich, Reziastr. 1, 39046 St. Ulrich \u2013 Gr\u00f6den, +39 0471 777600, www.valgardena.it, ortisei@valgardena.it<\/p>\n\n\n\n<p>St. Vigil, Catarina Lanz Str. 14, 39030 St. Vigil \u2013 Enneberg, +39 0474 501037, www.sanvigilio.com, info@sanvigilio.com<\/p>\n\n\n\n<p>Steinegg, Kirchweg 5, 39053 Steinegg, +39 0471 376574, www.steinegg.com, steinegg@eggental.com<\/p>\n\n\n\n<p>Sterzing, Stadtplatz 3, 39049 Sterzing, +39 0472 765325, www.sterzing.com, info@infosterzing.com<\/p>\n\n\n\n<p>S\u00fcdtiroler Unterland, Schweigglplatz 8, 39040 Kurtatsch, +39 0471 880100, www.suedtiroler-unterland.it, info@suedtiroler-unterland.it<\/p>\n\n\n\n<p>Terenten, St. Georgstr. 1, 39030 Terenten, +39 0472 546140, www.terenten.com, info@terenten.com<\/p>\n\n\n\n<p>Terlan, Dr.- Weiser-Platz 2, 39018 Terlan, +39 0471 257165, www.terlan.info, info@terlan.info<\/p>\n\n\n\n<p>Tiers am Rosengarten, St. Georgstr. 79, 39050 Tiers, +39 0471 642127, www.tiers.it, info@tiers.it<\/p>\n\n\n\n<p>Tisens \u2013 Prissian, B\u00e4cknhaus 54, 39010 Tisens \u2013 Prissian, +39 0473 920822, www.tisensprissian.com, info@tisensprissian.com<\/p>\n\n\n\n<p>Toblach, Dolomitenstr. 3, 39034 Toblach, +39 0474 972132, www.toblach.info, info@toblach.info<\/p>\n\n\n\n<p>Tramin, Mindelheimerstrasse 10\/a, 39040 Tramin, +39 0471 860131, www.tramin.com, info@tramin.com<\/p>\n\n\n\n<p>Ultental\/Proveis, St. Walburg 154, 39016 St. Walburg\/Ulten, +39 0473 795387, www.ultental.it, info@ultental.it<\/p>\n\n\n\n<p>Villn\u00f6ss, Peterweg 10, 39040 Villn\u00f6ss, +39 0472 840180, www.villnoess.info, info@villnoess.info<\/p>\n\n\n\n<p>V\u00f6ls am Schlern, Boznerstr. 4, 39050 V\u00f6ls am Schlern, +39 0471 725047, www.voels.it, info@voels.it<\/p>\n\n\n\n<p>Wandergebiet Naturpark Trudner Horn, Am Kofl 2, 39040 Truden im Naturpark, +39 0471 869078, www.trudnerhorn.com, info@trudnerhorn.com<\/p>\n\n\n\n<p>Welschnofen \u2013 Karersee, Dolomitenstr. 4, 39056 Welschnofen, +39 0471 619520, www.welschnofen.com, info@welschnofen.com<\/p>\n\n\n\n<p>Wolkenstein, Meisulesstr. 213, 39048 Wolkenstein, +39 0471 777900, www.valgardena.it, selva@valgardena.it<\/p>\n","protected":false},"excerpt":{"rendered":"<p>Tourist associations Tourist associations, city, phone, website, email Abtei, Str. Colz 75, 39030 La Villa, +39 0471 847037, www.altabadia.org, lavilla@altabadia.org Ahrntal, Ahrnerstr. 22, 39030 Luttach\/Ahrntal, +39 0474 671136, www.ahrntal.it, info@ahrntal.it Aldein\/Radein, Dorfzentrum 34, 39040 Aldein, +39 0471 886800, www.aldein-radein.it, info@aldein-radein.it Algund, Hans-Gamper-Platz 3, 39022 Algund, +39 0473 448600, www.algund.com, info@algund.com Andrian, Wehrburgstr. 1\/A, 39010 Andrian, [&hellip;]<\/p>\n","protected":false},"author":1,"featured_media":0,"parent":0,"menu_order":0,"comment_status":"closed","ping_status":"closed","template":"","meta":{"_acf_changed":false,"footnotes":""},"class_list":["post-1700","page","type-page","status-publish","hentry"],"acf":[],"_links":{"self":[{"href":"https:\/\/www.wanderfuehrer.it\/en\/wp-json\/wp\/v2\/pages\/1700","targetHints":{"allow":["GET"]}}],"collection":[{"href":"https:\/\/www.wanderfuehrer.it\/en\/wp-json\/wp\/v2\/pages"}],"about":[{"href":"https:\/\/www.wanderfuehrer.it\/en\/wp-json\/wp\/v2\/types\/page"}],"author":[{"embeddable":true,"href":"https:\/\/www.wanderfuehrer.it\/en\/wp-json\/wp\/v2\/users\/1"}],"replies":[{"embeddable":true,"href":"https:\/\/www.wanderfuehrer.it\/en\/wp-json\/wp\/v2\/comments?post=1700"}],"version-history":[{"count":1,"href":"https:\/\/www.wanderfuehrer.it\/en\/wp-json\/wp\/v2\/pages\/1700\/revisions"}],"predecessor-version":[{"id":1701,"href":"https:\/\/www.wanderfuehrer.it\/en\/wp-json\/wp\/v2\/pages\/1700\/revisions\/1701"}],"wp:attachment":[{"href":"https:\/\/www.wanderfuehrer.it\/en\/wp-json\/wp\/v2\/media?parent=1700"}],"curies":[{"name":"wp","href":"https:\/\/api.w.org\/{rel}","templated":true}]}}